{"id":14,"date":"2022-01-04T16:24:25","date_gmt":"2022-01-04T16:24:25","guid":{"rendered":"https:\/\/saltkallegarden.se\/?page_id=14"},"modified":"2026-02-09T11:21:50","modified_gmt":"2026-02-09T11:21:50","slug":"kontakt","status":"publish","type":"page","link":"https:\/\/saltkallegarden.se\/index.php\/kontakt\/","title":{"rendered":"Kontakt"},"content":{"rendered":"\n<p><\/p>\n\n\n\n<div class=\"wp-block-media-text alignwide has-media-on-the-right is-stacked-on-mobile\" style=\"grid-template-columns:auto 26%\"><div class=\"wp-block-media-text__content\">\n<p class=\"has-text-align-left has-large-font-size\">&#8221;Hej och v\u00e4lkommen till oss p\u00e5 Saltk\u00e4lleg\u00e5rden. Mitt namn \u00e4r Therese och driver g\u00e5rden tillsammans med mina anst\u00e4llda&#8221;<\/p>\n<\/div><figure class=\"wp-block-media-text__media\"><img loading=\"lazy\" decoding=\"async\" width=\"838\" height=\"1024\" src=\"https:\/\/saltkallegarden.se\/wp-content\/uploads\/2026\/02\/1000115322-e1770636096836-838x1024.jpg\" alt=\"\" class=\"wp-image-136 size-full\" srcset=\"https:\/\/saltkallegarden.se\/wp-content\/uploads\/2026\/02\/1000115322-e1770636096836-838x1024.jpg 838w, https:\/\/saltkallegarden.se\/wp-content\/uploads\/2026\/02\/1000115322-e1770636096836-245x300.jpg 245w, https:\/\/saltkallegarden.se\/wp-content\/uploads\/2026\/02\/1000115322-e1770636096836-768x939.jpg 768w, https:\/\/saltkallegarden.se\/wp-content\/uploads\/2026\/02\/1000115322-e1770636096836.jpg 1080w\" sizes=\"auto, (max-width: 838px) 100vw, 838px\" \/><\/figure><\/div>\n\n\n\n<p><\/p>\n\n\n\n<p>V\u00e4nligen fyll i formul\u00e4ret om ni vill kontakta oss p\u00e5 Saltk\u00e4lleg\u00e5rden.<\/p>\n\n\n<div class=\"wpforms-container wpforms-container-full wpforms-block wpforms-block-68133afd-f0ef-478b-8aad-ce0f2b52e9f0\" id=\"wpforms-94\"><form id=\"wpforms-form-94\" class=\"wpforms-validate wpforms-form wpforms-ajax-form\" data-formid=\"94\" method=\"post\" enctype=\"multipart\/form-data\" action=\"\/index.php\/wp-json\/wp\/v2\/pages\/14\" data-token=\"dc21a6eca4754b7fd966cf3b5bfa9f39\" data-token-time=\"1777988752\"><noscript class=\"wpforms-error-noscript\">Aktivera JavaScript i din webbl\u00e4sare f\u00f6r att slutf\u00f6ra detta formul\u00e4r.<\/noscript><div class=\"wpforms-field-container\"><div id=\"wpforms-94-field_0-container\" class=\"wpforms-field wpforms-field-name\" data-field-id=\"0\"><label class=\"wpforms-field-label\" for=\"wpforms-94-field_0\">Namn <span class=\"wpforms-required-label\">*<\/span><\/label><input type=\"text\" id=\"wpforms-94-field_0\" class=\"wpforms-field-medium wpforms-field-required\" name=\"wpforms[fields][0]\" required><\/div><div id=\"wpforms-94-field_1-container\" class=\"wpforms-field wpforms-field-email\" data-field-id=\"1\"><label class=\"wpforms-field-label\" for=\"wpforms-94-field_1\">E-post <span class=\"wpforms-required-label\">*<\/span><\/label><input type=\"email\" id=\"wpforms-94-field_1\" class=\"wpforms-field-medium wpforms-field-required\" name=\"wpforms[fields][1]\" spellcheck=\"false\" required><\/div><div id=\"wpforms-94-field_2-container\" class=\"wpforms-field wpforms-field-textarea\" data-field-id=\"2\"><label class=\"wpforms-field-label\" for=\"wpforms-94-field_2\">Beskrivning <span class=\"wpforms-required-label\">*<\/span><\/label><textarea id=\"wpforms-94-field_2\" class=\"wpforms-field-medium wpforms-field-required\" name=\"wpforms[fields][2]\" required><\/textarea><\/div><\/div><!-- .wpforms-field-container --><div class=\"wpforms-submit-container\" ><input type=\"hidden\" name=\"wpforms[id]\" value=\"94\"><input type=\"hidden\" name=\"page_title\" value=\"\"><input type=\"hidden\" name=\"page_url\" value=\"https:\/\/saltkallegarden.se\/index.php\/wp-json\/wp\/v2\/pages\/14\"><input type=\"hidden\" name=\"url_referer\" value=\"\"><button type=\"submit\" name=\"wpforms[submit]\" id=\"wpforms-submit-94\" class=\"wpforms-submit\" data-alt-text=\"Skickar....\" data-submit-text=\"Skicka\" aria-live=\"assertive\" value=\"wpforms-submit\">Skicka<\/button><img loading=\"lazy\" decoding=\"async\" src=\"https:\/\/saltkallegarden.se\/wp-content\/plugins\/wpforms-lite\/assets\/images\/submit-spin.svg\" class=\"wpforms-submit-spinner\" style=\"display: none;\" width=\"26\" height=\"26\" alt=\"Laddar\"><\/div><\/form><\/div>  <!-- .wpforms-container -->\n\n\n<p><\/p>\n","protected":false},"excerpt":{"rendered":"<p>&#8221;Hej och v\u00e4lkommen till oss p\u00e5 Saltk\u00e4lleg\u00e5rden. Mitt namn \u00e4r Therese och driver g\u00e5rden tillsammans med mina anst\u00e4llda&#8221; V\u00e4nligen fyll i formul\u00e4ret om ni vill kontakta oss p\u00e5 Saltk\u00e4lleg\u00e5rden.<\/p>\n","protected":false},"author":1,"featured_media":0,"parent":0,"menu_order":0,"comment_status":"closed","ping_status":"closed","template":"","meta":{"footnotes":""},"class_list":["post-14","page","type-page","status-publish","hentry"],"_links":{"self":[{"href":"https:\/\/saltkallegarden.se\/index.php\/wp-json\/wp\/v2\/pages\/14","targetHints":{"allow":["GET"]}}],"collection":[{"href":"https:\/\/saltkallegarden.se\/index.php\/wp-json\/wp\/v2\/pages"}],"about":[{"href":"https:\/\/saltkallegarden.se\/index.php\/wp-json\/wp\/v2\/types\/page"}],"author":[{"embeddable":true,"href":"https:\/\/saltkallegarden.se\/index.php\/wp-json\/wp\/v2\/users\/1"}],"replies":[{"embeddable":true,"href":"https:\/\/saltkallegarden.se\/index.php\/wp-json\/wp\/v2\/comments?post=14"}],"version-history":[{"count":15,"href":"https:\/\/saltkallegarden.se\/index.php\/wp-json\/wp\/v2\/pages\/14\/revisions"}],"predecessor-version":[{"id":138,"href":"https:\/\/saltkallegarden.se\/index.php\/wp-json\/wp\/v2\/pages\/14\/revisions\/138"}],"wp:attachment":[{"href":"https:\/\/saltkallegarden.se\/index.php\/wp-json\/wp\/v2\/media?parent=14"}],"curies":[{"name":"wp","href":"https:\/\/api.w.org\/{rel}","templated":true}]}}