{"id":57,"date":"2022-01-04T16:45:11","date_gmt":"2022-01-04T16:45:11","guid":{"rendered":"https:\/\/saltkallegarden.se\/?page_id=57"},"modified":"2022-01-04T18:12:26","modified_gmt":"2022-01-04T18:12:26","slug":"boende","status":"publish","type":"page","link":"https:\/\/saltkallegarden.se\/index.php\/boende\/","title":{"rendered":"Boende"},"content":{"rendered":"\n<div class=\"wp-block-image\"><figure class=\"alignright size-full\"><img loading=\"lazy\" decoding=\"async\" width=\"355\" height=\"456\" src=\"https:\/\/saltkallegarden.se\/wp-content\/uploads\/2022\/01\/269814621_264866932405436_6371903549868950120_n-1-e1641319745874.jpg\" alt=\"\" class=\"wp-image-101\" srcset=\"https:\/\/saltkallegarden.se\/wp-content\/uploads\/2022\/01\/269814621_264866932405436_6371903549868950120_n-1-e1641319745874.jpg 355w, https:\/\/saltkallegarden.se\/wp-content\/uploads\/2022\/01\/269814621_264866932405436_6371903549868950120_n-1-e1641319745874-234x300.jpg 234w\" sizes=\"auto, (max-width: 355px) 100vw, 355px\" \/><\/figure><\/div>\n\n\n\n<p>Charmigt boende &#8211; Mitt i det natursk\u00f6na Bohusl\u00e4n hittar du Saltk\u00e4lleg\u00e5rden, ett litet gruppboende med rehabiliterings inriktning och trivsamt boende i hemlik milj\u00f6. H\u00e4r finns 12 v\u00e5rdplatser d\u00e4r du antingen bor i en av v\u00e5ra 6 enrumsl\u00e4genheter eller i enkelrum d\u00e4r varje rum har sin egen karakt\u00e4r. F\u00f6rutom personliga tillh\u00f6righeter g\u00e5r det bra att ta med egna m\u00f6bler vid en l\u00e4ngre tids vistelse.<\/p>\n\n\n\n<p>Individen i centrum &#8211; P\u00e5 Saltk\u00e4lleg\u00e5rden s\u00e4tter vi fokus p\u00e5 individen och h\u00e4r betraktas varje m\u00e4nniska som unik. Med respekt och k\u00e4nsla f\u00f6r den personliga integriteten f\u00f6rs\u00f6ker vi hj\u00e4lpa v\u00e5ra g\u00e4ster till ett meningsfullt liv med utg\u00e5ngspunkt fr\u00e5n var och ens behov och m\u00f6jligheter.<\/p>\n\n\n\n<p>Individens delaktighet och p\u00e5verkan sker bl.a. genom boender\u00e5det som \u00e4ven planerar veckans h\u00e4ndelser.<\/p>\n","protected":false},"excerpt":{"rendered":"<p>Charmigt boende &#8211; Mitt i det natursk\u00f6na Bohusl\u00e4n hittar du Saltk\u00e4lleg\u00e5rden, ett litet gruppboende med rehabiliterings inriktning och trivsamt boende i hemlik milj\u00f6. H\u00e4r finns 12 v\u00e5rdplatser d\u00e4r du antingen bor i en av v\u00e5ra 6 enrumsl\u00e4genheter eller i enkelrum d\u00e4r varje rum har sin egen karakt\u00e4r. F\u00f6rutom personliga tillh\u00f6righeter g\u00e5r det bra att ta &hellip; <\/p>\n<p class=\"link-more\"><a href=\"https:\/\/saltkallegarden.se\/index.php\/boende\/\" class=\"more-link\">L\u00e4s mer<span class=\"screen-reader-text\"> \u201dBoende\u201d<\/span><\/a><\/p>\n","protected":false},"author":1,"featured_media":0,"parent":0,"menu_order":0,"comment_status":"closed","ping_status":"closed","template":"","meta":{"footnotes":""},"class_list":["post-57","page","type-page","status-publish","hentry"],"_links":{"self":[{"href":"https:\/\/saltkallegarden.se\/index.php\/wp-json\/wp\/v2\/pages\/57","targetHints":{"allow":["GET"]}}],"collection":[{"href":"https:\/\/saltkallegarden.se\/index.php\/wp-json\/wp\/v2\/pages"}],"about":[{"href":"https:\/\/saltkallegarden.se\/index.php\/wp-json\/wp\/v2\/types\/page"}],"author":[{"embeddable":true,"href":"https:\/\/saltkallegarden.se\/index.php\/wp-json\/wp\/v2\/users\/1"}],"replies":[{"embeddable":true,"href":"https:\/\/saltkallegarden.se\/index.php\/wp-json\/wp\/v2\/comments?post=57"}],"version-history":[{"count":4,"href":"https:\/\/saltkallegarden.se\/index.php\/wp-json\/wp\/v2\/pages\/57\/revisions"}],"predecessor-version":[{"id":105,"href":"https:\/\/saltkallegarden.se\/index.php\/wp-json\/wp\/v2\/pages\/57\/revisions\/105"}],"wp:attachment":[{"href":"https:\/\/saltkallegarden.se\/index.php\/wp-json\/wp\/v2\/media?parent=57"}],"curies":[{"name":"wp","href":"https:\/\/api.w.org\/{rel}","templated":true}]}}